{"id":44,"date":"2014-03-23T18:05:53","date_gmt":"2014-03-23T17:05:53","guid":{"rendered":"http:\/\/jfg-regnitzgrund.de\/wordpress\/?page_id=44"},"modified":"2014-04-05T13:30:29","modified_gmt":"2014-04-05T12:30:29","slug":"impressum","status":"publish","type":"page","link":"https:\/\/jfg-regnitzgrund.de\/wordpress\/?page_id=44","title":{"rendered":"Impressum"},"content":{"rendered":"<h2>JFG Regnitzgrund e. V.<\/h2>\n<p>Vereinsregister Bamberg, VR 200610<\/p>\n<p>Anschrift:<br \/>\nPostfach 1167, 96111 Hirschaid<\/p>\n<h2>Vorstand:<\/h2>\n<p>Karl Friedel<br \/>\nKleinbuchfeld 6A<br \/>\n96114 Hirschaid<br \/>\nTel.: 0 95 43 &#8211; 48 84<\/p>\n<p>&nbsp;<\/p>\n<div>\n<h2>Diese Seite wurde erstellt von:<\/h2>\n<p>Wolfgang H\u00f6hne<br \/>\nTel.: 0171 \/ 343 372 0<br \/>\n<a href=\"mailto:admin@jfg-regnitzgrund.de\">e-mail: admin@jfg-regnitzgrund.de<\/a><\/p>\n<\/div>\n<p>&nbsp;<\/p>\n<div>\n<h2>Wichtiger Hinweis !!<\/h2>\n<p>In einem Urteil vom 12. Mai 1998 hat das Landgericht Hamburg entschieden, da\u00df man durch die Ausbringung eines Links die Inhalte der gelinkten Seite mit zu verantworten hat. Dies kann nur dadurch verhindert werden, indem man sich ausdr\u00fccklich von diesen Inhalten distanziert.<\/p>\n<h3>Deshalb gilt f\u00fcr alle unsere gelinkten Seiten:<\/h3>\n<p>Wir erkl\u00e4ren ausdr\u00fccklich, da\u00df wir keinerlei Einfluss auf die Gestaltung und die Inhalte der von uns gelinkten Seiten haben. Wir distanzieren uns hiermit ausdr\u00fccklich von allen Inhalten aller gelinkten Seiten auf unserer Seite und machen uns diese Inhalte nicht zu Eigen. Diese Erkl\u00e4rung gilt f\u00fcr alle auf von uns angezeigten Links und f\u00fcr alle Inhalte der Seiten, zu denen die bei uns angemeldeten Banner und Links f\u00fchren.<\/p>\n<\/div>\n","protected":false},"excerpt":{"rendered":"<p>JFG Regnitzgrund e. V. Vereinsregister Bamberg, VR 200610 Anschrift: Postfach 1167, 96111 Hirschaid Vorstand: Karl Friedel Kleinbuchfeld 6A 96114 Hirschaid Tel.: 0 95 43 &#8211; 48 84 &nbsp; Diese Seite wurde erstellt von: Wolfgang H\u00f6hne Tel.: 0171 \/ 343 372 0 e-mail: admin@jfg-regnitzgrund.de &nbsp; Wichtiger Hinweis !! In einem Urteil vom 12. Mai 1998 hat&hellip; <a class=\"more-link\" href=\"https:\/\/jfg-regnitzgrund.de\/wordpress\/?page_id=44\"><span class=\"screen-reader-text\">Impressum<\/span> weiterlesen<\/a><\/p>\n","protected":false},"author":1,"featured_media":0,"parent":0,"menu_order":0,"comment_status":"open","ping_status":"open","template":"","meta":{"ngg_post_thumbnail":0,"footnotes":""},"_links":{"self":[{"href":"https:\/\/jfg-regnitzgrund.de\/wordpress\/index.php?rest_route=\/wp\/v2\/pages\/44"}],"collection":[{"href":"https:\/\/jfg-regnitzgrund.de\/wordpress\/index.php?rest_route=\/wp\/v2\/pages"}],"about":[{"href":"https:\/\/jfg-regnitzgrund.de\/wordpress\/index.php?rest_route=\/wp\/v2\/types\/page"}],"author":[{"embeddable":true,"href":"https:\/\/jfg-regnitzgrund.de\/wordpress\/index.php?rest_route=\/wp\/v2\/users\/1"}],"replies":[{"embeddable":true,"href":"https:\/\/jfg-regnitzgrund.de\/wordpress\/index.php?rest_route=%2Fwp%2Fv2%2Fcomments&post=44"}],"version-history":[{"count":4,"href":"https:\/\/jfg-regnitzgrund.de\/wordpress\/index.php?rest_route=\/wp\/v2\/pages\/44\/revisions"}],"predecessor-version":[{"id":106,"href":"https:\/\/jfg-regnitzgrund.de\/wordpress\/index.php?rest_route=\/wp\/v2\/pages\/44\/revisions\/106"}],"wp:attachment":[{"href":"https:\/\/jfg-regnitzgrund.de\/wordpress\/index.php?rest_route=%2Fwp%2Fv2%2Fmedia&parent=44"}],"curies":[{"name":"wp","href":"https:\/\/api.w.org\/{rel}","templated":true}]}}